{"id":408,"date":"2018-01-29T14:31:50","date_gmt":"2018-01-29T13:31:50","guid":{"rendered":"http:\/\/www.alenna.fr\/?page_id=408"},"modified":"2020-01-26T14:41:02","modified_gmt":"2020-01-26T13:41:02","slug":"tarif","status":"publish","type":"page","link":"https:\/\/www.alenna.fr\/index.php\/tarif\/","title":{"rendered":"Tarif"},"content":{"rendered":"<ul>\n<li>TARIFS : entre 70 \u20ac et 120 \u20ac suivant la p\u00e9riode. 1 semaine minimum<\/li>\n<li>RESERVATON \u00a03 semaines minimum \u00e0 l&rsquo;avance<\/li>\n<\/ul>\n<p>Nous consulter : contact.c@alenna.fr.<\/p>\n<ul>\n<li>COUTS SUPPLEMENTAIRES<\/li>\n<\/ul>\n<p>Personne suppl\u00e9mentaire (au-del\u00e0 de 4)\u00a0: 15 \u20ac \/ personne<\/p>\n<p>Frais de m\u00e9nage obligatoire : 50 \u20ac \/ s\u00e9jour<\/p>\n<p>Caution remboursable : 400 \u20ac<\/p>\n<p>LINGE DE MAISON (sur demande), interdit d\u2019utilisation en dehors de l\u2019appartement\u00a0:<\/p>\n<p>Linge de lit : 10 \u20ac \/ personne \/ s\u00e9jour<\/p>\n<p>1 Set (1 drap de bain + 1 serviette de toilette) : 5 \u20ac \/ personne \/ s\u00e9jour<\/p>\n<p>1 Tapis de bain\u00a0: 4 \u20ac \/ s\u00e9jour<\/p>\n<p>2 torchons\u00a0: 4 \u20ac \/ s\u00e9jour<\/p>\n<ul>\n<li>CONDITIONS D\u2019ANNULATION<\/li>\n<\/ul>\n<p>Pour b\u00e9n\u00e9ficier d\u2019un remboursement de 50% des frais d\u2019h\u00e9bergement, l\u2019annulation doit intervenir 7 jours pleins avant la date de d\u00e9but de la location.<\/p>\n<p>Si le voyageur d\u00e9cide de partir avant la date pr\u00e9vue, les nuits non pass\u00e9es ne seront pas rembours\u00e9es.<\/p>\n","protected":false},"excerpt":{"rendered":"<p>TARIFS : entre 70 \u20ac et 120 \u20ac suivant la p\u00e9riode. 1 semaine minimum RESERVATON \u00a03 semaines minimum \u00e0 l&rsquo;avance Nous consulter : contact.c@alenna.fr. COUTS SUPPLEMENTAIRES Personne suppl\u00e9mentaire (au-del\u00e0 de 4)\u00a0: 15 \u20ac \/ personne Frais de m\u00e9nage obligatoire : 50 \u20ac \/ s\u00e9jour Caution remboursable : 400 \u20ac LINGE DE MAISON (sur demande), interdit [&hellip;]<\/p>\n","protected":false},"author":1,"featured_media":0,"parent":0,"menu_order":0,"comment_status":"closed","ping_status":"closed","template":"","meta":{"footnotes":""},"_links":{"self":[{"href":"https:\/\/www.alenna.fr\/index.php\/wp-json\/wp\/v2\/pages\/408"}],"collection":[{"href":"https:\/\/www.alenna.fr\/index.php\/wp-json\/wp\/v2\/pages"}],"about":[{"href":"https:\/\/www.alenna.fr\/index.php\/wp-json\/wp\/v2\/types\/page"}],"author":[{"embeddable":true,"href":"https:\/\/www.alenna.fr\/index.php\/wp-json\/wp\/v2\/users\/1"}],"replies":[{"embeddable":true,"href":"https:\/\/www.alenna.fr\/index.php\/wp-json\/wp\/v2\/comments?post=408"}],"version-history":[{"count":7,"href":"https:\/\/www.alenna.fr\/index.php\/wp-json\/wp\/v2\/pages\/408\/revisions"}],"predecessor-version":[{"id":460,"href":"https:\/\/www.alenna.fr\/index.php\/wp-json\/wp\/v2\/pages\/408\/revisions\/460"}],"wp:attachment":[{"href":"https:\/\/www.alenna.fr\/index.php\/wp-json\/wp\/v2\/media?parent=408"}],"curies":[{"name":"wp","href":"https:\/\/api.w.org\/{rel}","templated":true}]}}