{"id":394,"date":"2018-01-29T14:22:37","date_gmt":"2018-01-29T13:22:37","guid":{"rendered":"http:\/\/www.alenna.fr\/?page_id=394"},"modified":"2020-01-26T14:35:52","modified_gmt":"2020-01-26T13:35:52","slug":"reglement-interieur","status":"publish","type":"page","link":"https:\/\/www.alenna.fr\/index.php\/reglement-interieur\/","title":{"rendered":"R\u00e8glement Int\u00e9rieur"},"content":{"rendered":"<div class=\"structured_house_rules\" style=\"color: #484848; text-transform: none; text-indent: 0px; letter-spacing: 0.2px; font-family: Circular, -apple-system, BlinkMacSystemFont, Roboto, 'Helvetica Neue', sans-serif; font-size: 17px; font-style: normal; font-weight: 300; word-spacing: 0px; white-space: normal; box-sizing: border-box; orphans: 2; widows: 2; background-color: #ffffff; font-variant-ligatures: normal; font-variant-caps: normal; -webkit-text-stroke-width: 0px; text-decoration-style: initial; text-decoration-color: initial;\">\n<div class=\"row\">\n<div class=\"col-sm-12\">Non fumeur<\/div>\n<\/div>\n<div class=\"row space-top-1\">\n<div class=\"col-sm-12\">Pas de f\u00eate ni de soir\u00e9e, respecter le calme des lieux<\/div>\n<\/div>\n<div class=\"row space-top-1\">\n<div class=\"col-sm-12\">L&rsquo;entr\u00e9e dans les lieux se fait entre 16:00 et 18:00<\/div>\n<\/div>\n<div class=\"row space-top-1\">\n<div class=\"col-sm-12\">D\u00e9part avant 13:00<\/div>\n<div>Cl\u00e9s avant s\u00e9jour.<\/div>\n<div><\/div>\n<div>Animaux bienvenus si propres et bien \u00e9duqu\u00e9s.<\/div>\n<\/div>\n<div class=\"row\">\n<div class=\"col-sm-2\">\n<hr class=\"structured_house_rules__hr\" \/>\n<\/div>\n<\/div>\n<\/div>\n<div style=\"color: #484848; text-transform: none; text-indent: 0px; letter-spacing: 0.2px; font-family: Circular, -apple-system, BlinkMacSystemFont, Roboto, 'Helvetica Neue', sans-serif; font-size: 17px; font-style: normal; font-weight: 300; margin-top: 16px; word-spacing: 0px; white-space: normal; box-sizing: border-box; orphans: 2; widows: 2; background-color: #ffffff; font-variant-ligatures: normal; font-variant-caps: normal; -webkit-text-stroke-width: 0px; text-decoration-style: initial; text-decoration-color: initial;\">\n<div>\n<div class=\"_y9ev9r\">\n<div class=\"_x01z5ll\">\n<div>\n<div>\n<p><strong>\u00c0 savoir<\/strong><\/p>\n<\/div>\n<div>\n<div>Le logement comprend des marches ou escaliers. Il est situ\u00e9 en troisi\u00e8me et dernier \u00e9tage d&rsquo;une r\u00e9sidence, sans ascenseur.<\/div>\n<\/div>\n<\/div>\n<\/div>\n<\/div>\n<\/div>\n<\/div>\n","protected":false},"excerpt":{"rendered":"<p>Non fumeur Pas de f\u00eate ni de soir\u00e9e, respecter le calme des lieux L&rsquo;entr\u00e9e dans les lieux se fait entre 16:00 et 18:00 D\u00e9part avant 13:00 Cl\u00e9s avant s\u00e9jour. Animaux bienvenus si propres et bien \u00e9duqu\u00e9s. \u00c0 savoir Le logement comprend des marches ou escaliers. Il est situ\u00e9 en troisi\u00e8me et dernier \u00e9tage d&rsquo;une r\u00e9sidence, [&hellip;]<\/p>\n","protected":false},"author":1,"featured_media":0,"parent":0,"menu_order":0,"comment_status":"closed","ping_status":"closed","template":"","meta":{"footnotes":""},"_links":{"self":[{"href":"https:\/\/www.alenna.fr\/index.php\/wp-json\/wp\/v2\/pages\/394"}],"collection":[{"href":"https:\/\/www.alenna.fr\/index.php\/wp-json\/wp\/v2\/pages"}],"about":[{"href":"https:\/\/www.alenna.fr\/index.php\/wp-json\/wp\/v2\/types\/page"}],"author":[{"embeddable":true,"href":"https:\/\/www.alenna.fr\/index.php\/wp-json\/wp\/v2\/users\/1"}],"replies":[{"embeddable":true,"href":"https:\/\/www.alenna.fr\/index.php\/wp-json\/wp\/v2\/comments?post=394"}],"version-history":[{"count":4,"href":"https:\/\/www.alenna.fr\/index.php\/wp-json\/wp\/v2\/pages\/394\/revisions"}],"predecessor-version":[{"id":458,"href":"https:\/\/www.alenna.fr\/index.php\/wp-json\/wp\/v2\/pages\/394\/revisions\/458"}],"wp:attachment":[{"href":"https:\/\/www.alenna.fr\/index.php\/wp-json\/wp\/v2\/media?parent=394"}],"curies":[{"name":"wp","href":"https:\/\/api.w.org\/{rel}","templated":true}]}}