{"id":392,"date":"2018-01-29T11:43:26","date_gmt":"2018-01-29T10:43:26","guid":{"rendered":"http:\/\/www.alenna.fr\/?page_id=392"},"modified":"2020-11-15T17:15:56","modified_gmt":"2020-11-15T16:15:56","slug":"bonjour","status":"publish","type":"page","link":"https:\/\/www.alenna.fr\/","title":{"rendered":"Merci de consulter ce site !"},"content":{"rendered":"<p><span style=\"color: #0000ff;\">\u2660 Notre appartement tout confort de 3 pi\u00e8ces + 1 mezzanine se situe dans une jolie r\u00e9sidence, calme et agr\u00e9able, s\u00e9curis\u00e9e par portail.<\/span><\/p>\n<p><span style=\"color: #0000ff;\">Situ\u00e9 au 3eme \u00e9tage (sans ascenseur), il b\u00e9n\u00e9ficie d\u2019une vue d\u00e9gag\u00e9e sur les dunes et la mer.<\/span><\/p>\n<p><span style=\"color: #0000ff;\">\u2660 Id\u00e9al pour des vacances, weekends en famille ou entre amis, au bord de la mer \u00e0 Cabourg,&nbsp;<\/span><\/p>\n<p><span style=\"color: #0000ff;\">\u2660 De cet appartement, tout est accessible \u00e0 pieds&nbsp;: plage (400 m), Thalazur (400 m), centre-ville par la digue ou promenade Marcel Proust (800 m) le long des villas cabourgeaises, restaurant \u00ab&nbsp;le Biquet\u2019s&nbsp;\u00bb (500 m).<\/span><\/p>\n<p><span style=\"color: #0000ff;\">Des commerces vont sont propos\u00e9s \u00e0 Cabourg ou \u00e0 Dives sur Mer.<\/span><\/p>\n","protected":false},"excerpt":{"rendered":"<p>\u2660 Notre appartement tout confort de 3 pi\u00e8ces + 1 mezzanine se situe dans une jolie r\u00e9sidence, calme et agr\u00e9able, s\u00e9curis\u00e9e par portail. Situ\u00e9 au 3eme \u00e9tage (sans ascenseur), il b\u00e9n\u00e9ficie d\u2019une vue d\u00e9gag\u00e9e sur les dunes et la mer. \u2660 Id\u00e9al pour des vacances, weekends en famille ou entre amis, au bord de la [&hellip;]<\/p>\n","protected":false},"author":1,"featured_media":0,"parent":0,"menu_order":0,"comment_status":"closed","ping_status":"closed","template":"","meta":{"footnotes":""},"_links":{"self":[{"href":"https:\/\/www.alenna.fr\/index.php\/wp-json\/wp\/v2\/pages\/392"}],"collection":[{"href":"https:\/\/www.alenna.fr\/index.php\/wp-json\/wp\/v2\/pages"}],"about":[{"href":"https:\/\/www.alenna.fr\/index.php\/wp-json\/wp\/v2\/types\/page"}],"author":[{"embeddable":true,"href":"https:\/\/www.alenna.fr\/index.php\/wp-json\/wp\/v2\/users\/1"}],"replies":[{"embeddable":true,"href":"https:\/\/www.alenna.fr\/index.php\/wp-json\/wp\/v2\/comments?post=392"}],"version-history":[{"count":7,"href":"https:\/\/www.alenna.fr\/index.php\/wp-json\/wp\/v2\/pages\/392\/revisions"}],"predecessor-version":[{"id":462,"href":"https:\/\/www.alenna.fr\/index.php\/wp-json\/wp\/v2\/pages\/392\/revisions\/462"}],"wp:attachment":[{"href":"https:\/\/www.alenna.fr\/index.php\/wp-json\/wp\/v2\/media?parent=392"}],"curies":[{"name":"wp","href":"https:\/\/api.w.org\/{rel}","templated":true}]}}