{"id":101,"date":"2017-06-24T14:55:11","date_gmt":"2017-06-24T12:55:11","guid":{"rendered":"http:\/\/www.alenna.fr\/?page_id=101"},"modified":"2018-02-25T15:18:10","modified_gmt":"2018-02-25T14:18:10","slug":"descriptif","status":"publish","type":"page","link":"https:\/\/www.alenna.fr\/index.php\/descriptif\/","title":{"rendered":"Descriptif"},"content":{"rendered":"<p>&#8211;<strong>Pi\u00e8ce de vie :<\/strong><br \/>\n1 salon avec canap\u00e9 fixe-m\u00e9ridienne, TV \u00e9cran plat, internet-WIFI, jeux de soci\u00e9t\u00e9<br \/>\n1 cuisine toute \u00e9quip\u00e9e (r\u00e9frig\u00e9rateur\/cong\u00e9lateur, plaques de cuisson vitroc\u00e9ramique, micro-ondes, four chaleur tournante, lave-vaisselle, cafeti\u00e8re Tassimo, bouilloire, grille pain)<\/p>\n<p><strong>-1 balcon-terrasse<\/strong> expos\u00e9 ouest, avec salon ext\u00e9rieur 4 places et vue mer en arri\u00e8re plan, ensoleill\u00e9 l\u2019apr\u00e8s midi et le soir<\/p>\n<p><strong>-1 chambre<\/strong> cosy avec 1 lit queen size (160 cm). Parquet<br \/>\n<strong>-1 chambre<\/strong> avec 2 lits simples (80 cm) non superpos\u00e9s, 1 rangement. Parquet<\/p>\n<p><strong>-1 salle d\u2019eau<\/strong> (douche italienne 140*80, lavabo, s\u00e8che-serviettes, lave-linge s\u00e9chant, s\u00e8che-cheveux)<br \/>\n<strong>-1 WC<\/strong> s\u00e9par\u00e9<\/p>\n<p><strong> -Bel espace \u00e0 l\u2019\u00e9tage<\/strong> : 1 mezzanine (hauteur de plafond 180 cm) avec 1 lit queen size (160 cm), 1 lit d\u2019appoint simple (80 cm), d\u00e9tecteur de fum\u00e9e. Parquet<\/p>\n<p>Couchages neufs et confortables !<\/p>\n<p>32 m2 en bas,\u00a017 m2 \u00e0 l&rsquo;\u00e9tage<\/p>\n","protected":false},"excerpt":{"rendered":"<p>&#8211;Pi\u00e8ce de vie : 1 salon avec canap\u00e9 fixe-m\u00e9ridienne, TV \u00e9cran plat, internet-WIFI, jeux de soci\u00e9t\u00e9 1 cuisine toute \u00e9quip\u00e9e (r\u00e9frig\u00e9rateur\/cong\u00e9lateur, plaques de cuisson vitroc\u00e9ramique, micro-ondes, four chaleur tournante, lave-vaisselle, cafeti\u00e8re Tassimo, bouilloire, grille pain) -1 balcon-terrasse expos\u00e9 ouest, avec salon ext\u00e9rieur 4 places et vue mer en arri\u00e8re plan, ensoleill\u00e9 l\u2019apr\u00e8s midi et le [&hellip;]<\/p>\n","protected":false},"author":1,"featured_media":0,"parent":0,"menu_order":0,"comment_status":"closed","ping_status":"closed","template":"","meta":{"footnotes":""},"_links":{"self":[{"href":"https:\/\/www.alenna.fr\/index.php\/wp-json\/wp\/v2\/pages\/101"}],"collection":[{"href":"https:\/\/www.alenna.fr\/index.php\/wp-json\/wp\/v2\/pages"}],"about":[{"href":"https:\/\/www.alenna.fr\/index.php\/wp-json\/wp\/v2\/types\/page"}],"author":[{"embeddable":true,"href":"https:\/\/www.alenna.fr\/index.php\/wp-json\/wp\/v2\/users\/1"}],"replies":[{"embeddable":true,"href":"https:\/\/www.alenna.fr\/index.php\/wp-json\/wp\/v2\/comments?post=101"}],"version-history":[{"count":5,"href":"https:\/\/www.alenna.fr\/index.php\/wp-json\/wp\/v2\/pages\/101\/revisions"}],"predecessor-version":[{"id":438,"href":"https:\/\/www.alenna.fr\/index.php\/wp-json\/wp\/v2\/pages\/101\/revisions\/438"}],"wp:attachment":[{"href":"https:\/\/www.alenna.fr\/index.php\/wp-json\/wp\/v2\/media?parent=101"}],"curies":[{"name":"wp","href":"https:\/\/api.w.org\/{rel}","templated":true}]}}